{"id":1786,"date":"2022-12-01T15:36:19","date_gmt":"2022-12-01T15:36:19","guid":{"rendered":"http:\/\/phonevente.epizy.com\/?post_type=product&#038;p=1786"},"modified":"2025-07-23T06:12:57","modified_gmt":"2025-07-23T06:12:57","slug":"macbook-pro-16","status":"publish","type":"product","link":"https:\/\/sotechapplestore.com\/?product=macbook-pro-16","title":{"rendered":"MacBook Pro M2 Pro 14 pouces"},"content":{"rendered":"<p><span style=\"vertical-align: inherit;\"><span style=\"vertical-align: inherit;\"><span style=\"vertical-align: inherit;\"><span style=\"vertical-align: inherit;\"><span style=\"vertical-align: inherit;\"><span style=\"vertical-align: inherit;\"><span style=\"vertical-align: inherit;\"><span style=\"vertical-align: inherit;\">PUCE M1 PRO; <\/span><\/span><\/span><\/span><\/span><\/span><\/span><span style=\"vertical-align: inherit;\"><span style=\"vertical-align: inherit;\"><span style=\"vertical-align: inherit;\"><span style=\"vertical-align: inherit;\"><span style=\"vertical-align: inherit;\"><span style=\"vertical-align: inherit;\"><span style=\"vertical-align: inherit;\">CPU 10 c\u0153urs ; <\/span><\/span><\/span><\/span><\/span><\/span><\/span><span style=\"vertical-align: inherit;\"><span style=\"vertical-align: inherit;\"><span style=\"vertical-align: inherit;\"><span style=\"vertical-align: inherit;\"><span style=\"vertical-align: inherit;\"><span style=\"vertical-align: inherit;\"><span style=\"vertical-align: inherit;\">G2.11PU 16 c\u0153urs ; <\/span><\/span><\/span><\/span><\/span><\/span><\/span><span style=\"vertical-align: inherit;\"><span style=\"vertical-align: inherit;\"><span style=\"vertical-align: inherit;\"><span style=\"vertical-align: inherit;\"><span style=\"vertical-align: inherit;\"><span style=\"vertical-align: inherit;\"><span style=\"vertical-align: inherit;\">512 Go de stockage &amp; 1T ; <\/span><\/span><\/span><\/span><\/span><\/span><\/span><span style=\"vertical-align: inherit;\"><span style=\"vertical-align: inherit;\"><span style=\"vertical-align: inherit;\"><span style=\"vertical-align: inherit;\"><span style=\"vertical-align: inherit;\"><span style=\"vertical-align: inherit;\"><span style=\"vertical-align: inherit;\">16 Go <\/span><\/span><\/span><\/span><\/span><\/span><\/span><\/span><br \/>\n<span style=\"vertical-align: inherit;\"><span style=\"vertical-align: inherit;\"><span style=\"vertical-align: inherit;\"><span style=\"vertical-align: inherit;\"><span style=\"vertical-align: inherit;\"><span style=\"vertical-align: inherit;\"><span style=\"vertical-align: inherit;\"><span style=\"vertical-align: inherit;\">de m\u00e9moire unifi\u00e9e; <\/span><\/span><\/span><\/span><\/span><\/span><\/span><span style=\"vertical-align: inherit;\"><span style=\"vertical-align: inherit;\"><span style=\"vertical-align: inherit;\"><span style=\"vertical-align: inherit;\"><span style=\"vertical-align: inherit;\"><span style=\"vertical-align: inherit;\"><span style=\"vertical-align: inherit;\">\u00e9cran Retina de 16 pouces; <\/span><\/span><\/span><\/span><\/span><\/span><\/span><span style=\"vertical-align: inherit;\"><span style=\"vertical-align: inherit;\"><span style=\"vertical-align: inherit;\"><span style=\"vertical-align: inherit;\"><span style=\"vertical-align: inherit;\"><span style=\"vertical-align: inherit;\"><span style=\"vertical-align: inherit;\">PortHDMI\u00a0; <\/span><\/span><\/span><\/span><\/span><\/span><\/span><span style=\"vertical-align: inherit;\"><span style=\"vertical-align: inherit;\"><span style=\"vertical-align: inherit;\"><span style=\"vertical-align: inherit;\"><span style=\"vertical-align: inherit;\"><span style=\"vertical-align: inherit;\"><span style=\"vertical-align: inherit;\">Thunderbolt 4 (jusqu&rsquo;\u00e0 <\/span><\/span><\/span><\/span><\/span><\/span><\/span><\/span><br \/>\n<span style=\"vertical-align: inherit;\"><span style=\"vertical-align: inherit;\"><span style=\"vertical-align: inherit;\"><span style=\"vertical-align: inherit;\"><span style=\"vertical-align: inherit;\"><span style=\"vertical-align: inherit;\"><span style=\"vertical-align: inherit;\"><span style=\"vertical-align: inherit;\">4 Gbit\/s)<\/span><\/span><\/span><\/span><\/span><\/span><\/span><\/span><\/p>\n","protected":false},"excerpt":{"rendered":"<p><span style=\"vertical-align: inherit;\"><span style=\"vertical-align: inherit;\"><span style=\"vertical-align: inherit;\"><span style=\"vertical-align: inherit;\">PUCE M1 PRO; <\/span><\/span><\/span><span style=\"vertical-align: inherit;\"><span style=\"vertical-align: inherit;\"><span style=\"vertical-align: inherit;\">CPU 10 c\u0153urs ; <\/span><\/span><\/span><span style=\"vertical-align: inherit;\"><span style=\"vertical-align: inherit;\"><span style=\"vertical-align: inherit;\">G2.11PU 16 c\u0153urs ; <\/span><\/span><\/span><span style=\"vertical-align: inherit;\"><span style=\"vertical-align: inherit;\"><span style=\"vertical-align: inherit;\">512 Go de stockage &amp; 1T ; <\/span><\/span><\/span><span style=\"vertical-align: inherit;\"><span style=\"vertical-align: inherit;\"><span style=\"vertical-align: inherit;\">16 Go <\/span><\/span><\/span><\/span><br \/>\n<span style=\"vertical-align: inherit;\"><span style=\"vertical-align: inherit;\"><span style=\"vertical-align: inherit;\"><span style=\"vertical-align: inherit;\">de m\u00e9moire unifi\u00e9e; <\/span><\/span><\/span><span style=\"vertical-align: inherit;\"><span style=\"vertical-align: inherit;\"><span style=\"vertical-align: inherit;\">\u00e9cran Retina de 16 pouces<\/span><\/span><\/span><\/span><\/p>\n","protected":false},"featured_media":2913,"comment_status":"open","ping_status":"closed","template":"","meta":{"_uag_custom_page_level_css":"","site-sidebar-layout":"default","site-content-layout":"default","ast-global-header-display":"","ast-main-header-display":"","ast-hfb-above-header-display":"","ast-hfb-below-header-display":"","ast-hfb-mobile-header-display":"","site-post-title":"","ast-breadcrumbs-content":"","ast-featured-img":"","footer-sml-layout":"","theme-transparent-header-meta":"default","adv-header-id-meta":"","stick-header-meta":"","header-above-stick-meta":"","header-main-stick-meta":"","header-below-stick-meta":""},"product_brand":[],"product_cat":[19],"product_tag":[],"class_list":{"0":"post-1786","1":"product","2":"type-product","3":"status-publish","4":"has-post-thumbnail","6":"product_cat-macbook","7":"desktop-align-center","8":"tablet-align-left","9":"mobile-align-left","11":"first","12":"instock","13":"shipping-taxable","14":"purchasable","15":"product-type-variable"},"yoast_head":"<!-- This site is optimized with the Yoast SEO plugin v20.4 - https:\/\/yoast.com\/wordpress\/plugins\/seo\/ -->\n<title>MacBook Pro M2 Pro 14 pouces - sotechapplestore.com<\/title>\n<meta name=\"robots\" content=\"index, follow, max-snippet:-1, max-image-preview:large, max-video-preview:-1\" \/>\n<link rel=\"canonical\" href=\"https:\/\/sotechapplestore.com\/?product=macbook-pro-16\" \/>\n<meta property=\"og:locale\" content=\"fr_FR\" \/>\n<meta property=\"og:type\" content=\"article\" \/>\n<meta property=\"og:title\" content=\"MacBook Pro M2 Pro 14 pouces - sotechapplestore.com\" \/>\n<meta property=\"og:description\" content=\"PUCE M1 PRO; CPU 10 c\u0153urs ; G2.11PU 16 c\u0153urs ; 512 Go de stockage &amp; 1T ; 16 Go  de m\u00e9moire unifi\u00e9e; \u00e9cran Retina de 16 pouces\" \/>\n<meta property=\"og:url\" content=\"https:\/\/sotechapplestore.com\/?product=macbook-pro-16\" \/>\n<meta property=\"og:site_name\" content=\"sotechapplestore.com\" \/>\n<meta property=\"article:modified_time\" content=\"2025-07-23T06:12:57+00:00\" \/>\n<meta property=\"og:image\" content=\"https:\/\/sotechapplestore.com\/wp-content\/uploads\/2023\/01\/VA-2.png\" \/>\n\t<meta property=\"og:image:width\" content=\"1600\" \/>\n\t<meta property=\"og:image:height\" content=\"1600\" \/>\n\t<meta property=\"og:image:type\" content=\"image\/png\" \/>\n<meta name=\"twitter:card\" content=\"summary_large_image\" \/>\n<script type=\"application\/ld+json\" class=\"yoast-schema-graph\">{\"@context\":\"https:\/\/schema.org\",\"@graph\":[{\"@type\":\"WebPage\",\"@id\":\"https:\/\/sotechapplestore.com\/?product=macbook-pro-16\",\"url\":\"https:\/\/sotechapplestore.com\/?product=macbook-pro-16\",\"name\":\"MacBook Pro M2 Pro 14 pouces - sotechapplestore.com\",\"isPartOf\":{\"@id\":\"https:\/\/sotechapplestore.com\/#website\"},\"datePublished\":\"2022-12-01T15:36:19+00:00\",\"dateModified\":\"2025-07-23T06:12:57+00:00\",\"breadcrumb\":{\"@id\":\"https:\/\/sotechapplestore.com\/?product=macbook-pro-16#breadcrumb\"},\"inLanguage\":\"fr-FR\",\"potentialAction\":[{\"@type\":\"ReadAction\",\"target\":[\"https:\/\/sotechapplestore.com\/?product=macbook-pro-16\"]}]},{\"@type\":\"BreadcrumbList\",\"@id\":\"https:\/\/sotechapplestore.com\/?product=macbook-pro-16#breadcrumb\",\"itemListElement\":[{\"@type\":\"ListItem\",\"position\":1,\"name\":\"Accueil\",\"item\":\"https:\/\/sotechapplestore.com\/\"},{\"@type\":\"ListItem\",\"position\":2,\"name\":\"Boutique\",\"item\":\"https:\/\/sotechapplestore.com\/?page_id=6\"},{\"@type\":\"ListItem\",\"position\":3,\"name\":\"MacBook Pro M2 Pro 14 pouces\"}]},{\"@type\":\"WebSite\",\"@id\":\"https:\/\/sotechapplestore.com\/#website\",\"url\":\"https:\/\/sotechapplestore.com\/\",\"name\":\"sotechapplestore.com\",\"description\":\"Partenaire Agr\u00e9\u00e9 Apple.\",\"publisher\":{\"@id\":\"https:\/\/sotechapplestore.com\/#organization\"},\"potentialAction\":[{\"@type\":\"SearchAction\",\"target\":{\"@type\":\"EntryPoint\",\"urlTemplate\":\"https:\/\/sotechapplestore.com\/?s={search_term_string}\"},\"query-input\":\"required name=search_term_string\"}],\"inLanguage\":\"fr-FR\"},{\"@type\":\"Organization\",\"@id\":\"https:\/\/sotechapplestore.com\/#organization\",\"name\":\"sotechapplestore.com\",\"url\":\"https:\/\/sotechapplestore.com\/\",\"logo\":{\"@type\":\"ImageObject\",\"inLanguage\":\"fr-FR\",\"@id\":\"https:\/\/sotechapplestore.com\/#\/schema\/logo\/image\/\",\"url\":\"https:\/\/sotechapplestore.com\/wp-content\/uploads\/2023\/03\/Logo-Sotech.png\",\"contentUrl\":\"https:\/\/sotechapplestore.com\/wp-content\/uploads\/2023\/03\/Logo-Sotech.png\",\"width\":895,\"height\":175,\"caption\":\"sotechapplestore.com\"},\"image\":{\"@id\":\"https:\/\/sotechapplestore.com\/#\/schema\/logo\/image\/\"}}]}<\/script>\n<!-- \/ Yoast SEO plugin. -->","yoast_head_json":{"title":"MacBook Pro M2 Pro 14 pouces - sotechapplestore.com","robots":{"index":"index","follow":"follow","max-snippet":"max-snippet:-1","max-image-preview":"max-image-preview:large","max-video-preview":"max-video-preview:-1"},"canonical":"https:\/\/sotechapplestore.com\/?product=macbook-pro-16","og_locale":"fr_FR","og_type":"article","og_title":"MacBook Pro M2 Pro 14 pouces - sotechapplestore.com","og_description":"PUCE M1 PRO; CPU 10 c\u0153urs ; G2.11PU 16 c\u0153urs ; 512 Go de stockage &amp; 1T ; 16 Go  de m\u00e9moire unifi\u00e9e; \u00e9cran Retina de 16 pouces","og_url":"https:\/\/sotechapplestore.com\/?product=macbook-pro-16","og_site_name":"sotechapplestore.com","article_modified_time":"2025-07-23T06:12:57+00:00","og_image":[{"width":1600,"height":1600,"url":"https:\/\/sotechapplestore.com\/wp-content\/uploads\/2023\/01\/VA-2.png","type":"image\/png"}],"twitter_card":"summary_large_image","schema":{"@context":"https:\/\/schema.org","@graph":[{"@type":"WebPage","@id":"https:\/\/sotechapplestore.com\/?product=macbook-pro-16","url":"https:\/\/sotechapplestore.com\/?product=macbook-pro-16","name":"MacBook Pro M2 Pro 14 pouces - sotechapplestore.com","isPartOf":{"@id":"https:\/\/sotechapplestore.com\/#website"},"datePublished":"2022-12-01T15:36:19+00:00","dateModified":"2025-07-23T06:12:57+00:00","breadcrumb":{"@id":"https:\/\/sotechapplestore.com\/?product=macbook-pro-16#breadcrumb"},"inLanguage":"fr-FR","potentialAction":[{"@type":"ReadAction","target":["https:\/\/sotechapplestore.com\/?product=macbook-pro-16"]}]},{"@type":"BreadcrumbList","@id":"https:\/\/sotechapplestore.com\/?product=macbook-pro-16#breadcrumb","itemListElement":[{"@type":"ListItem","position":1,"name":"Accueil","item":"https:\/\/sotechapplestore.com\/"},{"@type":"ListItem","position":2,"name":"Boutique","item":"https:\/\/sotechapplestore.com\/?page_id=6"},{"@type":"ListItem","position":3,"name":"MacBook Pro M2 Pro 14 pouces"}]},{"@type":"WebSite","@id":"https:\/\/sotechapplestore.com\/#website","url":"https:\/\/sotechapplestore.com\/","name":"sotechapplestore.com","description":"Partenaire Agr\u00e9\u00e9 Apple.","publisher":{"@id":"https:\/\/sotechapplestore.com\/#organization"},"potentialAction":[{"@type":"SearchAction","target":{"@type":"EntryPoint","urlTemplate":"https:\/\/sotechapplestore.com\/?s={search_term_string}"},"query-input":"required name=search_term_string"}],"inLanguage":"fr-FR"},{"@type":"Organization","@id":"https:\/\/sotechapplestore.com\/#organization","name":"sotechapplestore.com","url":"https:\/\/sotechapplestore.com\/","logo":{"@type":"ImageObject","inLanguage":"fr-FR","@id":"https:\/\/sotechapplestore.com\/#\/schema\/logo\/image\/","url":"https:\/\/sotechapplestore.com\/wp-content\/uploads\/2023\/03\/Logo-Sotech.png","contentUrl":"https:\/\/sotechapplestore.com\/wp-content\/uploads\/2023\/03\/Logo-Sotech.png","width":895,"height":175,"caption":"sotechapplestore.com"},"image":{"@id":"https:\/\/sotechapplestore.com\/#\/schema\/logo\/image\/"}}]}},"uagb_featured_image_src":{"full":["https:\/\/sotechapplestore.com\/wp-content\/uploads\/2023\/01\/VA-2.png",1600,1600,false],"thumbnail":["https:\/\/sotechapplestore.com\/wp-content\/uploads\/2023\/01\/VA-2-150x150.png",150,150,true],"medium":["https:\/\/sotechapplestore.com\/wp-content\/uploads\/2023\/01\/VA-2-300x300.png",300,300,true],"medium_large":["https:\/\/sotechapplestore.com\/wp-content\/uploads\/2023\/01\/VA-2-768x768.png",768,768,true],"large":["https:\/\/sotechapplestore.com\/wp-content\/uploads\/2023\/01\/VA-2-1024x1024.png",1024,1024,true],"1536x1536":["https:\/\/sotechapplestore.com\/wp-content\/uploads\/2023\/01\/VA-2-1536x1536.png",1536,1536,true],"2048x2048":["https:\/\/sotechapplestore.com\/wp-content\/uploads\/2023\/01\/VA-2.png",1600,1600,false],"woocommerce_thumbnail":["https:\/\/sotechapplestore.com\/wp-content\/uploads\/2023\/01\/VA-2-300x300.png",300,300,true],"woocommerce_single":["https:\/\/sotechapplestore.com\/wp-content\/uploads\/2023\/01\/VA-2-600x600.png",600,600,true],"woocommerce_gallery_thumbnail":["https:\/\/sotechapplestore.com\/wp-content\/uploads\/2023\/01\/VA-2-100x100.png",100,100,true]},"uagb_author_info":{"display_name":"Seidou Sorgo","author_link":"https:\/\/sotechapplestore.com\/?author=0"},"uagb_comment_info":16,"uagb_excerpt":"PUCE M1 PRO; CPU 10 c\u0153urs ; G2.11PU 16 c\u0153urs ; 512 Go de stockage &amp; 1T ; 16 Go de m\u00e9moire unifi\u00e9e; \u00e9cran Retina de 16 pouces","_links":{"self":[{"href":"https:\/\/sotechapplestore.com\/index.php?rest_route=\/wp\/v2\/product\/1786","targetHints":{"allow":["GET"]}}],"collection":[{"href":"https:\/\/sotechapplestore.com\/index.php?rest_route=\/wp\/v2\/product"}],"about":[{"href":"https:\/\/sotechapplestore.com\/index.php?rest_route=\/wp\/v2\/types\/product"}],"replies":[{"embeddable":true,"href":"https:\/\/sotechapplestore.com\/index.php?rest_route=%2Fwp%2Fv2%2Fcomments&post=1786"}],"wp:featuredmedia":[{"embeddable":true,"href":"https:\/\/sotechapplestore.com\/index.php?rest_route=\/wp\/v2\/media\/2913"}],"wp:attachment":[{"href":"https:\/\/sotechapplestore.com\/index.php?rest_route=%2Fwp%2Fv2%2Fmedia&parent=1786"}],"wp:term":[{"taxonomy":"product_brand","embeddable":true,"href":"https:\/\/sotechapplestore.com\/index.php?rest_route=%2Fwp%2Fv2%2Fproduct_brand&post=1786"},{"taxonomy":"product_cat","embeddable":true,"href":"https:\/\/sotechapplestore.com\/index.php?rest_route=%2Fwp%2Fv2%2Fproduct_cat&post=1786"},{"taxonomy":"product_tag","embeddable":true,"href":"https:\/\/sotechapplestore.com\/index.php?rest_route=%2Fwp%2Fv2%2Fproduct_tag&post=1786"}],"curies":[{"name":"wp","href":"https:\/\/api.w.org\/{rel}","templated":true}]}}