{"id":314,"date":"2020-03-18T14:47:38","date_gmt":"2020-03-18T14:47:38","guid":{"rendered":"http:\/\/phonevente.epizy.com\/produit\/rose-essential-oil\/"},"modified":"2026-01-29T19:17:21","modified_gmt":"2026-01-29T19:17:21","slug":"airpods-pro-1","status":"publish","type":"product","link":"https:\/\/sotechapplestore.com\/?product=airpods-pro-1","title":{"rendered":"AIRPODS PRO 1"},"content":{"rendered":"<p><span style=\"vertical-align: inherit;\"><span style=\"vertical-align: inherit;\"><span style=\"vertical-align: inherit;\"><span style=\"vertical-align: inherit;\"><span style=\"vertical-align: inherit;\"><span style=\"vertical-align: inherit;\">Configuration en une \u00e9tape pour tous les appareils Apple ; <\/span><\/span><\/span><\/span><\/span><span style=\"vertical-align: inherit;\"><span style=\"vertical-align: inherit;\"><span style=\"vertical-align: inherit;\"><span style=\"vertical-align: inherit;\"><span style=\"vertical-align: inherit;\">Acc\u00e8s rapide \u00e0 Siri d&rsquo;un double toucher ; <\/span><\/span><\/span><\/span><\/span><\/span><span style=\"vertical-align: inherit;\"><span style=\"vertical-align: inherit;\"><span style=\"vertical-align: inherit;\"><span style=\"vertical-align: inherit;\"><span style=\"vertical-align: inherit;\"><span style=\"vertical-align: inherit;\">Autonomie de plus de 24 heures avec le bo\u00eetier de charge\u00a0; <\/span><\/span><\/span><\/span><\/span><span style=\"vertical-align: inherit;\"><span style=\"vertical-align: inherit;\"><span style=\"vertical-align: inherit;\"><span style=\"vertical-align: inherit;\"><span style=\"vertical-align: inherit;\">Autonomie de plus de 24 heures avec le bo\u00eetier de charge\u00a0; <\/span><\/span><\/span><\/span><\/span><span style=\"vertical-align: inherit;\"><span style=\"vertical-align: inherit;\"><span style=\"vertical-align: inherit;\"><span style=\"vertical-align: inherit;\"><span style=\"vertical-align: inherit;\">Voix et fils de qualit\u00e9 sup\u00e9rieure; <\/span><\/span><\/span><\/span><\/span><span style=\"vertical-align: inherit;\"><span style=\"vertical-align: inherit;\"><span style=\"vertical-align: inherit;\"><span style=\"vertical-align: inherit;\"><span style=\"vertical-align: inherit;\">Deux micros beamforming (\u00e0 filtrage spatial); <\/span><\/span><\/span><\/span><\/span><\/span><span style=\"vertical-align: inherit;\"><span style=\"vertical-align: inherit;\"><span style=\"vertical-align: inherit;\"><span style=\"vertical-align: inherit;\"><span style=\"vertical-align: inherit;\"><span style=\"vertical-align: inherit;\">PLUS DE 30H de temps d&rsquo;\u00e9coute<\/span><\/span><\/span><\/span><\/span><\/span><\/p>\n","protected":false},"excerpt":{"rendered":"<p><span style=\"vertical-align: inherit;\"><span style=\"vertical-align: inherit;\"><span style=\"vertical-align: inherit;\"><span style=\"vertical-align: inherit;\"><span style=\"vertical-align: inherit;\"><span style=\"vertical-align: inherit;\">Configuration en une \u00e9tape pour tous les appareils Apple ; <\/span><\/span><\/span><\/span><\/span><span style=\"vertical-align: inherit;\"><span style=\"vertical-align: inherit;\"><span style=\"vertical-align: inherit;\"><span style=\"vertical-align: inherit;\"><span style=\"vertical-align: inherit;\">Acc\u00e8s rapide \u00e0 Siri d&rsquo;un double toucher ; <\/span><\/span><\/span><\/span><\/span><\/span><span style=\"vertical-align: inherit;\"><span style=\"vertical-align: inherit;\"><span style=\"vertical-align: inherit;\"><span style=\"vertical-align: inherit;\"><span style=\"vertical-align: inherit;\"><span style=\"vertical-align: inherit;\">Autonomie de plus de 24 heures avec le bo\u00eetier de charge\u00a0;<\/span><\/span><\/span><\/span><\/span><\/span><\/p>\n","protected":false},"featured_media":2841,"comment_status":"open","ping_status":"closed","template":"","meta":{"_uag_custom_page_level_css":"","site-sidebar-layout":"no-sidebar","site-content-layout":"boxed-container","ast-global-header-display":"","ast-main-header-display":"","ast-hfb-above-header-display":"","ast-hfb-below-header-display":"","ast-hfb-mobile-header-display":"","site-post-title":"","ast-breadcrumbs-content":"","ast-featured-img":"","footer-sml-layout":"","theme-transparent-header-meta":"default","adv-header-id-meta":"","stick-header-meta":"","header-above-stick-meta":"","header-main-stick-meta":"","header-below-stick-meta":""},"product_brand":[],"product_cat":[30],"product_tag":[],"class_list":{"0":"post-314","1":"product","2":"type-product","3":"status-publish","4":"has-post-thumbnail","6":"product_cat-airpods","7":"desktop-align-center","8":"tablet-align-left","9":"mobile-align-left","11":"first","12":"instock","13":"shipping-taxable","14":"purchasable","15":"product-type-simple"},"yoast_head":"<!-- This site is optimized with the Yoast SEO plugin v20.4 - https:\/\/yoast.com\/wordpress\/plugins\/seo\/ -->\n<title>AIRPODS PRO 1 - sotechapplestore.com<\/title>\n<meta name=\"robots\" content=\"index, follow, max-snippet:-1, max-image-preview:large, max-video-preview:-1\" \/>\n<link rel=\"canonical\" href=\"https:\/\/sotechapplestore.com\/?product=airpods-pro-1\" \/>\n<meta property=\"og:locale\" content=\"fr_FR\" \/>\n<meta property=\"og:type\" content=\"article\" \/>\n<meta property=\"og:title\" content=\"AIRPODS PRO 1 - sotechapplestore.com\" \/>\n<meta property=\"og:description\" content=\"Configuration en une \u00e9tape pour tous les appareils Apple ; Acc\u00e8s rapide \u00e0 Siri d&#039;un double toucher ; Autonomie de plus de 24 heures avec le bo\u00eetier de charge\u00a0;\" \/>\n<meta property=\"og:url\" content=\"https:\/\/sotechapplestore.com\/?product=airpods-pro-1\" \/>\n<meta property=\"og:site_name\" content=\"sotechapplestore.com\" \/>\n<meta property=\"article:modified_time\" content=\"2026-01-29T19:17:21+00:00\" \/>\n<meta property=\"og:image\" content=\"https:\/\/sotechapplestore.com\/wp-content\/uploads\/2023\/01\/airpods.png\" \/>\n\t<meta property=\"og:image:width\" content=\"2400\" \/>\n\t<meta property=\"og:image:height\" content=\"2400\" \/>\n\t<meta property=\"og:image:type\" content=\"image\/png\" \/>\n<meta name=\"twitter:card\" content=\"summary_large_image\" \/>\n<script type=\"application\/ld+json\" class=\"yoast-schema-graph\">{\"@context\":\"https:\/\/schema.org\",\"@graph\":[{\"@type\":\"WebPage\",\"@id\":\"https:\/\/sotechapplestore.com\/?product=airpods-pro-1\",\"url\":\"https:\/\/sotechapplestore.com\/?product=airpods-pro-1\",\"name\":\"AIRPODS PRO 1 - sotechapplestore.com\",\"isPartOf\":{\"@id\":\"https:\/\/sotechapplestore.com\/#website\"},\"datePublished\":\"2020-03-18T14:47:38+00:00\",\"dateModified\":\"2026-01-29T19:17:21+00:00\",\"breadcrumb\":{\"@id\":\"https:\/\/sotechapplestore.com\/?product=airpods-pro-1#breadcrumb\"},\"inLanguage\":\"fr-FR\",\"potentialAction\":[{\"@type\":\"ReadAction\",\"target\":[\"https:\/\/sotechapplestore.com\/?product=airpods-pro-1\"]}]},{\"@type\":\"BreadcrumbList\",\"@id\":\"https:\/\/sotechapplestore.com\/?product=airpods-pro-1#breadcrumb\",\"itemListElement\":[{\"@type\":\"ListItem\",\"position\":1,\"name\":\"Accueil\",\"item\":\"https:\/\/sotechapplestore.com\/\"},{\"@type\":\"ListItem\",\"position\":2,\"name\":\"Boutique\",\"item\":\"https:\/\/sotechapplestore.com\/?page_id=6\"},{\"@type\":\"ListItem\",\"position\":3,\"name\":\"AIRPODS PRO 1\"}]},{\"@type\":\"WebSite\",\"@id\":\"https:\/\/sotechapplestore.com\/#website\",\"url\":\"https:\/\/sotechapplestore.com\/\",\"name\":\"sotechapplestore.com\",\"description\":\"Partenaire Agr\u00e9\u00e9 Apple.\",\"publisher\":{\"@id\":\"https:\/\/sotechapplestore.com\/#organization\"},\"potentialAction\":[{\"@type\":\"SearchAction\",\"target\":{\"@type\":\"EntryPoint\",\"urlTemplate\":\"https:\/\/sotechapplestore.com\/?s={search_term_string}\"},\"query-input\":\"required name=search_term_string\"}],\"inLanguage\":\"fr-FR\"},{\"@type\":\"Organization\",\"@id\":\"https:\/\/sotechapplestore.com\/#organization\",\"name\":\"sotechapplestore.com\",\"url\":\"https:\/\/sotechapplestore.com\/\",\"logo\":{\"@type\":\"ImageObject\",\"inLanguage\":\"fr-FR\",\"@id\":\"https:\/\/sotechapplestore.com\/#\/schema\/logo\/image\/\",\"url\":\"https:\/\/sotechapplestore.com\/wp-content\/uploads\/2023\/03\/Logo-Sotech.png\",\"contentUrl\":\"https:\/\/sotechapplestore.com\/wp-content\/uploads\/2023\/03\/Logo-Sotech.png\",\"width\":895,\"height\":175,\"caption\":\"sotechapplestore.com\"},\"image\":{\"@id\":\"https:\/\/sotechapplestore.com\/#\/schema\/logo\/image\/\"}}]}<\/script>\n<!-- \/ Yoast SEO plugin. -->","yoast_head_json":{"title":"AIRPODS PRO 1 - sotechapplestore.com","robots":{"index":"index","follow":"follow","max-snippet":"max-snippet:-1","max-image-preview":"max-image-preview:large","max-video-preview":"max-video-preview:-1"},"canonical":"https:\/\/sotechapplestore.com\/?product=airpods-pro-1","og_locale":"fr_FR","og_type":"article","og_title":"AIRPODS PRO 1 - sotechapplestore.com","og_description":"Configuration en une \u00e9tape pour tous les appareils Apple ; Acc\u00e8s rapide \u00e0 Siri d'un double toucher ; Autonomie de plus de 24 heures avec le bo\u00eetier de charge\u00a0;","og_url":"https:\/\/sotechapplestore.com\/?product=airpods-pro-1","og_site_name":"sotechapplestore.com","article_modified_time":"2026-01-29T19:17:21+00:00","og_image":[{"width":2400,"height":2400,"url":"https:\/\/sotechapplestore.com\/wp-content\/uploads\/2023\/01\/airpods.png","type":"image\/png"}],"twitter_card":"summary_large_image","schema":{"@context":"https:\/\/schema.org","@graph":[{"@type":"WebPage","@id":"https:\/\/sotechapplestore.com\/?product=airpods-pro-1","url":"https:\/\/sotechapplestore.com\/?product=airpods-pro-1","name":"AIRPODS PRO 1 - sotechapplestore.com","isPartOf":{"@id":"https:\/\/sotechapplestore.com\/#website"},"datePublished":"2020-03-18T14:47:38+00:00","dateModified":"2026-01-29T19:17:21+00:00","breadcrumb":{"@id":"https:\/\/sotechapplestore.com\/?product=airpods-pro-1#breadcrumb"},"inLanguage":"fr-FR","potentialAction":[{"@type":"ReadAction","target":["https:\/\/sotechapplestore.com\/?product=airpods-pro-1"]}]},{"@type":"BreadcrumbList","@id":"https:\/\/sotechapplestore.com\/?product=airpods-pro-1#breadcrumb","itemListElement":[{"@type":"ListItem","position":1,"name":"Accueil","item":"https:\/\/sotechapplestore.com\/"},{"@type":"ListItem","position":2,"name":"Boutique","item":"https:\/\/sotechapplestore.com\/?page_id=6"},{"@type":"ListItem","position":3,"name":"AIRPODS PRO 1"}]},{"@type":"WebSite","@id":"https:\/\/sotechapplestore.com\/#website","url":"https:\/\/sotechapplestore.com\/","name":"sotechapplestore.com","description":"Partenaire Agr\u00e9\u00e9 Apple.","publisher":{"@id":"https:\/\/sotechapplestore.com\/#organization"},"potentialAction":[{"@type":"SearchAction","target":{"@type":"EntryPoint","urlTemplate":"https:\/\/sotechapplestore.com\/?s={search_term_string}"},"query-input":"required name=search_term_string"}],"inLanguage":"fr-FR"},{"@type":"Organization","@id":"https:\/\/sotechapplestore.com\/#organization","name":"sotechapplestore.com","url":"https:\/\/sotechapplestore.com\/","logo":{"@type":"ImageObject","inLanguage":"fr-FR","@id":"https:\/\/sotechapplestore.com\/#\/schema\/logo\/image\/","url":"https:\/\/sotechapplestore.com\/wp-content\/uploads\/2023\/03\/Logo-Sotech.png","contentUrl":"https:\/\/sotechapplestore.com\/wp-content\/uploads\/2023\/03\/Logo-Sotech.png","width":895,"height":175,"caption":"sotechapplestore.com"},"image":{"@id":"https:\/\/sotechapplestore.com\/#\/schema\/logo\/image\/"}}]}},"uagb_featured_image_src":{"full":["https:\/\/sotechapplestore.com\/wp-content\/uploads\/2023\/01\/airpods.png",2400,2400,false],"thumbnail":["https:\/\/sotechapplestore.com\/wp-content\/uploads\/2023\/01\/airpods-150x150.png",150,150,true],"medium":["https:\/\/sotechapplestore.com\/wp-content\/uploads\/2023\/01\/airpods-300x300.png",300,300,true],"medium_large":["https:\/\/sotechapplestore.com\/wp-content\/uploads\/2023\/01\/airpods-768x768.png",768,768,true],"large":["https:\/\/sotechapplestore.com\/wp-content\/uploads\/2023\/01\/airpods-1024x1024.png",1024,1024,true],"1536x1536":["https:\/\/sotechapplestore.com\/wp-content\/uploads\/2023\/01\/airpods-1536x1536.png",1536,1536,true],"2048x2048":["https:\/\/sotechapplestore.com\/wp-content\/uploads\/2023\/01\/airpods-2048x2048.png",2048,2048,true],"woocommerce_thumbnail":["https:\/\/sotechapplestore.com\/wp-content\/uploads\/2023\/01\/airpods-300x300.png",300,300,true],"woocommerce_single":["https:\/\/sotechapplestore.com\/wp-content\/uploads\/2023\/01\/airpods-600x600.png",600,600,true],"woocommerce_gallery_thumbnail":["https:\/\/sotechapplestore.com\/wp-content\/uploads\/2023\/01\/airpods-100x100.png",100,100,true]},"uagb_author_info":{"display_name":"Seidou Sorgo","author_link":"https:\/\/sotechapplestore.com\/?author=0"},"uagb_comment_info":2,"uagb_excerpt":"Configuration en une \u00e9tape pour tous les appareils Apple ; Acc\u00e8s rapide \u00e0 Siri d'un double toucher ; Autonomie de plus de 24 heures avec le bo\u00eetier de charge\u00a0;","_links":{"self":[{"href":"https:\/\/sotechapplestore.com\/index.php?rest_route=\/wp\/v2\/product\/314","targetHints":{"allow":["GET"]}}],"collection":[{"href":"https:\/\/sotechapplestore.com\/index.php?rest_route=\/wp\/v2\/product"}],"about":[{"href":"https:\/\/sotechapplestore.com\/index.php?rest_route=\/wp\/v2\/types\/product"}],"replies":[{"embeddable":true,"href":"https:\/\/sotechapplestore.com\/index.php?rest_route=%2Fwp%2Fv2%2Fcomments&post=314"}],"wp:featuredmedia":[{"embeddable":true,"href":"https:\/\/sotechapplestore.com\/index.php?rest_route=\/wp\/v2\/media\/2841"}],"wp:attachment":[{"href":"https:\/\/sotechapplestore.com\/index.php?rest_route=%2Fwp%2Fv2%2Fmedia&parent=314"}],"wp:term":[{"taxonomy":"product_brand","embeddable":true,"href":"https:\/\/sotechapplestore.com\/index.php?rest_route=%2Fwp%2Fv2%2Fproduct_brand&post=314"},{"taxonomy":"product_cat","embeddable":true,"href":"https:\/\/sotechapplestore.com\/index.php?rest_route=%2Fwp%2Fv2%2Fproduct_cat&post=314"},{"taxonomy":"product_tag","embeddable":true,"href":"https:\/\/sotechapplestore.com\/index.php?rest_route=%2Fwp%2Fv2%2Fproduct_tag&post=314"}],"curies":[{"name":"wp","href":"https:\/\/api.w.org\/{rel}","templated":true}]}}