{"id":4002,"date":"2023-02-22T11:34:03","date_gmt":"2023-02-22T11:34:03","guid":{"rendered":"https:\/\/sotechapplestore.com\/?post_type=product&#038;p=4002"},"modified":"2023-02-23T10:59:58","modified_gmt":"2023-02-23T10:59:58","slug":"macbook-air-m1","status":"publish","type":"product","link":"https:\/\/sotechapplestore.com\/?product=macbook-air-m1","title":{"rendered":"MacBook Air M1"},"content":{"rendered":"<p class=\"display\">\u00c9cran r\u00e9tro\u00e9clair\u00e9 par LED de 13,3 pouces (diagonale) avec technologie IPS ; r\u00e9solution native de 2 560 x 1 600 pixels \u00e0 227 pixels par pouce avec prise en charge de millions de couleurs. Luminance\u00a0de 400\u00a0nits<\/p>\n","protected":false},"excerpt":{"rendered":"<p>\u00c9cran r\u00e9tro\u00e9clair\u00e9 par LED de 13,3 pouces (diagonale) avec technologie IPS ; r\u00e9solution native de 2 560 x 1 600 pixels \u00e0 227 pixels par pouce avec prise en charge de millions de couleurs. Luminance\u00a0de 400\u00a0nits<\/p>\n","protected":false},"featured_media":4042,"comment_status":"open","ping_status":"closed","template":"","meta":{"_uag_custom_page_level_css":"","site-sidebar-layout":"default","site-content-layout":"default","ast-global-header-display":"","ast-main-header-display":"","ast-hfb-above-header-display":"","ast-hfb-below-header-display":"","ast-hfb-mobile-header-display":"","site-post-title":"","ast-breadcrumbs-content":"","ast-featured-img":"","footer-sml-layout":"","theme-transparent-header-meta":"default","adv-header-id-meta":"","stick-header-meta":"","header-above-stick-meta":"","header-main-stick-meta":"","header-below-stick-meta":""},"product_brand":[],"product_cat":[19],"product_tag":[],"class_list":{"0":"post-4002","1":"product","2":"type-product","3":"status-publish","4":"has-post-thumbnail","6":"product_cat-macbook","7":"desktop-align-center","8":"tablet-align-left","9":"mobile-align-left","11":"first","12":"instock","13":"shipping-taxable","14":"purchasable","15":"product-type-variable"},"yoast_head":"<!-- This site is optimized with the Yoast SEO plugin v20.4 - https:\/\/yoast.com\/wordpress\/plugins\/seo\/ -->\n<title>MacBook Air M1 - sotechapplestore.com<\/title>\n<meta name=\"robots\" content=\"index, follow, max-snippet:-1, max-image-preview:large, max-video-preview:-1\" \/>\n<link rel=\"canonical\" href=\"https:\/\/sotechapplestore.com\/?product=macbook-air-m1\" \/>\n<meta property=\"og:locale\" content=\"fr_FR\" \/>\n<meta property=\"og:type\" content=\"article\" \/>\n<meta property=\"og:title\" content=\"MacBook Air M1 - sotechapplestore.com\" \/>\n<meta property=\"og:description\" content=\"\u00c9cran r\u00e9tro\u00e9clair\u00e9 par LED de 13,3 pouces (diagonale) avec technologie IPS ; r\u00e9solution native de 2 560 x 1 600 pixels \u00e0 227 pixels par pouce avec prise en charge de millions de couleurs. Luminance\u00a0de 400\u00a0nits\" \/>\n<meta property=\"og:url\" content=\"https:\/\/sotechapplestore.com\/?product=macbook-air-m1\" \/>\n<meta property=\"og:site_name\" content=\"sotechapplestore.com\" \/>\n<meta property=\"article:modified_time\" content=\"2023-02-23T10:59:58+00:00\" \/>\n<meta property=\"og:image\" content=\"https:\/\/sotechapplestore.com\/wp-content\/uploads\/2023\/02\/apple-macbook-air-m1-gris-sideral-16go256-go-mgn63fna-16gb-removebg-preview.png\" \/>\n\t<meta property=\"og:image:width\" content=\"500\" \/>\n\t<meta property=\"og:image:height\" content=\"500\" \/>\n\t<meta property=\"og:image:type\" content=\"image\/png\" \/>\n<meta name=\"twitter:card\" content=\"summary_large_image\" \/>\n<script type=\"application\/ld+json\" class=\"yoast-schema-graph\">{\"@context\":\"https:\/\/schema.org\",\"@graph\":[{\"@type\":\"WebPage\",\"@id\":\"https:\/\/sotechapplestore.com\/?product=macbook-air-m1\",\"url\":\"https:\/\/sotechapplestore.com\/?product=macbook-air-m1\",\"name\":\"MacBook Air M1 - sotechapplestore.com\",\"isPartOf\":{\"@id\":\"https:\/\/sotechapplestore.com\/#website\"},\"datePublished\":\"2023-02-22T11:34:03+00:00\",\"dateModified\":\"2023-02-23T10:59:58+00:00\",\"breadcrumb\":{\"@id\":\"https:\/\/sotechapplestore.com\/?product=macbook-air-m1#breadcrumb\"},\"inLanguage\":\"fr-FR\",\"potentialAction\":[{\"@type\":\"ReadAction\",\"target\":[\"https:\/\/sotechapplestore.com\/?product=macbook-air-m1\"]}]},{\"@type\":\"BreadcrumbList\",\"@id\":\"https:\/\/sotechapplestore.com\/?product=macbook-air-m1#breadcrumb\",\"itemListElement\":[{\"@type\":\"ListItem\",\"position\":1,\"name\":\"Accueil\",\"item\":\"https:\/\/sotechapplestore.com\/\"},{\"@type\":\"ListItem\",\"position\":2,\"name\":\"Boutique\",\"item\":\"https:\/\/sotechapplestore.com\/?page_id=6\"},{\"@type\":\"ListItem\",\"position\":3,\"name\":\"MacBook Air M1\"}]},{\"@type\":\"WebSite\",\"@id\":\"https:\/\/sotechapplestore.com\/#website\",\"url\":\"https:\/\/sotechapplestore.com\/\",\"name\":\"sotechapplestore.com\",\"description\":\"Partenaire Agr\u00e9\u00e9 Apple.\",\"publisher\":{\"@id\":\"https:\/\/sotechapplestore.com\/#organization\"},\"potentialAction\":[{\"@type\":\"SearchAction\",\"target\":{\"@type\":\"EntryPoint\",\"urlTemplate\":\"https:\/\/sotechapplestore.com\/?s={search_term_string}\"},\"query-input\":\"required name=search_term_string\"}],\"inLanguage\":\"fr-FR\"},{\"@type\":\"Organization\",\"@id\":\"https:\/\/sotechapplestore.com\/#organization\",\"name\":\"sotechapplestore.com\",\"url\":\"https:\/\/sotechapplestore.com\/\",\"logo\":{\"@type\":\"ImageObject\",\"inLanguage\":\"fr-FR\",\"@id\":\"https:\/\/sotechapplestore.com\/#\/schema\/logo\/image\/\",\"url\":\"https:\/\/sotechapplestore.com\/wp-content\/uploads\/2023\/03\/Logo-Sotech.png\",\"contentUrl\":\"https:\/\/sotechapplestore.com\/wp-content\/uploads\/2023\/03\/Logo-Sotech.png\",\"width\":895,\"height\":175,\"caption\":\"sotechapplestore.com\"},\"image\":{\"@id\":\"https:\/\/sotechapplestore.com\/#\/schema\/logo\/image\/\"}}]}<\/script>\n<!-- \/ Yoast SEO plugin. -->","yoast_head_json":{"title":"MacBook Air M1 - sotechapplestore.com","robots":{"index":"index","follow":"follow","max-snippet":"max-snippet:-1","max-image-preview":"max-image-preview:large","max-video-preview":"max-video-preview:-1"},"canonical":"https:\/\/sotechapplestore.com\/?product=macbook-air-m1","og_locale":"fr_FR","og_type":"article","og_title":"MacBook Air M1 - sotechapplestore.com","og_description":"\u00c9cran r\u00e9tro\u00e9clair\u00e9 par LED de 13,3 pouces (diagonale) avec technologie IPS ; r\u00e9solution native de 2 560 x 1 600 pixels \u00e0 227 pixels par pouce avec prise en charge de millions de couleurs. Luminance\u00a0de 400\u00a0nits","og_url":"https:\/\/sotechapplestore.com\/?product=macbook-air-m1","og_site_name":"sotechapplestore.com","article_modified_time":"2023-02-23T10:59:58+00:00","og_image":[{"width":500,"height":500,"url":"https:\/\/sotechapplestore.com\/wp-content\/uploads\/2023\/02\/apple-macbook-air-m1-gris-sideral-16go256-go-mgn63fna-16gb-removebg-preview.png","type":"image\/png"}],"twitter_card":"summary_large_image","schema":{"@context":"https:\/\/schema.org","@graph":[{"@type":"WebPage","@id":"https:\/\/sotechapplestore.com\/?product=macbook-air-m1","url":"https:\/\/sotechapplestore.com\/?product=macbook-air-m1","name":"MacBook Air M1 - sotechapplestore.com","isPartOf":{"@id":"https:\/\/sotechapplestore.com\/#website"},"datePublished":"2023-02-22T11:34:03+00:00","dateModified":"2023-02-23T10:59:58+00:00","breadcrumb":{"@id":"https:\/\/sotechapplestore.com\/?product=macbook-air-m1#breadcrumb"},"inLanguage":"fr-FR","potentialAction":[{"@type":"ReadAction","target":["https:\/\/sotechapplestore.com\/?product=macbook-air-m1"]}]},{"@type":"BreadcrumbList","@id":"https:\/\/sotechapplestore.com\/?product=macbook-air-m1#breadcrumb","itemListElement":[{"@type":"ListItem","position":1,"name":"Accueil","item":"https:\/\/sotechapplestore.com\/"},{"@type":"ListItem","position":2,"name":"Boutique","item":"https:\/\/sotechapplestore.com\/?page_id=6"},{"@type":"ListItem","position":3,"name":"MacBook Air M1"}]},{"@type":"WebSite","@id":"https:\/\/sotechapplestore.com\/#website","url":"https:\/\/sotechapplestore.com\/","name":"sotechapplestore.com","description":"Partenaire Agr\u00e9\u00e9 Apple.","publisher":{"@id":"https:\/\/sotechapplestore.com\/#organization"},"potentialAction":[{"@type":"SearchAction","target":{"@type":"EntryPoint","urlTemplate":"https:\/\/sotechapplestore.com\/?s={search_term_string}"},"query-input":"required name=search_term_string"}],"inLanguage":"fr-FR"},{"@type":"Organization","@id":"https:\/\/sotechapplestore.com\/#organization","name":"sotechapplestore.com","url":"https:\/\/sotechapplestore.com\/","logo":{"@type":"ImageObject","inLanguage":"fr-FR","@id":"https:\/\/sotechapplestore.com\/#\/schema\/logo\/image\/","url":"https:\/\/sotechapplestore.com\/wp-content\/uploads\/2023\/03\/Logo-Sotech.png","contentUrl":"https:\/\/sotechapplestore.com\/wp-content\/uploads\/2023\/03\/Logo-Sotech.png","width":895,"height":175,"caption":"sotechapplestore.com"},"image":{"@id":"https:\/\/sotechapplestore.com\/#\/schema\/logo\/image\/"}}]}},"uagb_featured_image_src":{"full":["https:\/\/sotechapplestore.com\/wp-content\/uploads\/2023\/02\/apple-macbook-air-m1-gris-sideral-16go256-go-mgn63fna-16gb-removebg-preview.png",500,500,false],"thumbnail":["https:\/\/sotechapplestore.com\/wp-content\/uploads\/2023\/02\/apple-macbook-air-m1-gris-sideral-16go256-go-mgn63fna-16gb-removebg-preview-150x150.png",150,150,true],"medium":["https:\/\/sotechapplestore.com\/wp-content\/uploads\/2023\/02\/apple-macbook-air-m1-gris-sideral-16go256-go-mgn63fna-16gb-removebg-preview-300x300.png",300,300,true],"medium_large":["https:\/\/sotechapplestore.com\/wp-content\/uploads\/2023\/02\/apple-macbook-air-m1-gris-sideral-16go256-go-mgn63fna-16gb-removebg-preview.png",500,500,false],"large":["https:\/\/sotechapplestore.com\/wp-content\/uploads\/2023\/02\/apple-macbook-air-m1-gris-sideral-16go256-go-mgn63fna-16gb-removebg-preview.png",500,500,false],"1536x1536":["https:\/\/sotechapplestore.com\/wp-content\/uploads\/2023\/02\/apple-macbook-air-m1-gris-sideral-16go256-go-mgn63fna-16gb-removebg-preview.png",500,500,false],"2048x2048":["https:\/\/sotechapplestore.com\/wp-content\/uploads\/2023\/02\/apple-macbook-air-m1-gris-sideral-16go256-go-mgn63fna-16gb-removebg-preview.png",500,500,false],"woocommerce_thumbnail":["https:\/\/sotechapplestore.com\/wp-content\/uploads\/2023\/02\/apple-macbook-air-m1-gris-sideral-16go256-go-mgn63fna-16gb-removebg-preview-300x300.png",300,300,true],"woocommerce_single":["https:\/\/sotechapplestore.com\/wp-content\/uploads\/2023\/02\/apple-macbook-air-m1-gris-sideral-16go256-go-mgn63fna-16gb-removebg-preview.png",500,500,false],"woocommerce_gallery_thumbnail":["https:\/\/sotechapplestore.com\/wp-content\/uploads\/2023\/02\/apple-macbook-air-m1-gris-sideral-16go256-go-mgn63fna-16gb-removebg-preview-100x100.png",100,100,true]},"uagb_author_info":{"display_name":"Seidou Sorgo","author_link":"https:\/\/sotechapplestore.com\/?author=0"},"uagb_comment_info":0,"uagb_excerpt":"\u00c9cran r\u00e9tro\u00e9clair\u00e9 par LED de 13,3 pouces (diagonale) avec technologie IPS ; r\u00e9solution native de 2 560 x 1 600 pixels \u00e0 227 pixels par pouce avec prise en charge de millions de couleurs. Luminance\u00a0de 400\u00a0nits","_links":{"self":[{"href":"https:\/\/sotechapplestore.com\/index.php?rest_route=\/wp\/v2\/product\/4002","targetHints":{"allow":["GET"]}}],"collection":[{"href":"https:\/\/sotechapplestore.com\/index.php?rest_route=\/wp\/v2\/product"}],"about":[{"href":"https:\/\/sotechapplestore.com\/index.php?rest_route=\/wp\/v2\/types\/product"}],"replies":[{"embeddable":true,"href":"https:\/\/sotechapplestore.com\/index.php?rest_route=%2Fwp%2Fv2%2Fcomments&post=4002"}],"wp:featuredmedia":[{"embeddable":true,"href":"https:\/\/sotechapplestore.com\/index.php?rest_route=\/wp\/v2\/media\/4042"}],"wp:attachment":[{"href":"https:\/\/sotechapplestore.com\/index.php?rest_route=%2Fwp%2Fv2%2Fmedia&parent=4002"}],"wp:term":[{"taxonomy":"product_brand","embeddable":true,"href":"https:\/\/sotechapplestore.com\/index.php?rest_route=%2Fwp%2Fv2%2Fproduct_brand&post=4002"},{"taxonomy":"product_cat","embeddable":true,"href":"https:\/\/sotechapplestore.com\/index.php?rest_route=%2Fwp%2Fv2%2Fproduct_cat&post=4002"},{"taxonomy":"product_tag","embeddable":true,"href":"https:\/\/sotechapplestore.com\/index.php?rest_route=%2Fwp%2Fv2%2Fproduct_tag&post=4002"}],"curies":[{"name":"wp","href":"https:\/\/api.w.org\/{rel}","templated":true}]}}